{"id":3808,"date":"2021-01-04T05:55:06","date_gmt":"2021-01-04T05:55:06","guid":{"rendered":"http:\/\/maitrecherkaoui.com\/?page_id=3808"},"modified":"2026-03-07T11:14:12","modified_gmt":"2026-03-07T11:14:12","slug":"nos-competences","status":"publish","type":"page","link":"https:\/\/maitrecherkaoui.com\/ar\/nos-competences\/","title":{"rendered":"\u062e\u0628\u0631\u0627\u062a\u0646\u0627"},"content":{"rendered":"<div data-elementor-type=\"wp-page\" data-elementor-id=\"3808\" class=\"elementor elementor-3808\" data-elementor-post-type=\"page\">\n\t\t\t\t\t\t<section class=\"elementor-section elementor-top-section elementor-element elementor-element-734d0bc elementor-section-boxed elementor-section-height-default elementor-section-height-default\" data-id=\"734d0bc\" data-element_type=\"section\" data-e-type=\"section\">\n\t\t\t\t\t\t<div class=\"elementor-container elementor-column-gap-default\">\n\t\t\t\t\t<div class=\"elementor-column elementor-col-100 elementor-top-column elementor-element elementor-element-edcd5d2\" data-id=\"edcd5d2\" data-element_type=\"column\" data-e-type=\"column\">\n\t\t\t<div class=\"elementor-widget-wrap elementor-element-populated\">\n\t\t\t\t\t\t<div class=\"elementor-element elementor-element-e73b5bc elementor-widget elementor-widget-rt-section-heading\" data-id=\"e73b5bc\" data-element_type=\"widget\" data-e-type=\"widget\" data-widget_type=\"rt-section-heading.default\">\n\t\t\t\t<div class=\"elementor-widget-container\">\n\t\t\t\t\t\n<div class=\"section-heading2\">\n\t\t<h2 class=\"heading-main-title\">\u0645\u062c\u0627\u0644\u0627\u062a \u062a\u062f\u062e\u0644\u0646\u0627\n<\/h2>\n\t<\/div>\t\t\t\t<\/div>\n\t\t\t\t<\/div>\n\t\t\t\t<section class=\"elementor-section elementor-inner-section elementor-element elementor-element-3f103a9 elementor-section-boxed elementor-section-height-default elementor-section-height-default\" data-id=\"3f103a9\" data-element_type=\"section\" data-e-type=\"section\">\n\t\t\t\t\t\t<div class=\"elementor-container elementor-column-gap-default\">\n\t\t\t\t\t<div class=\"elementor-column elementor-col-100 elementor-inner-column elementor-element elementor-element-2ee28c3\" data-id=\"2ee28c3\" data-element_type=\"column\" data-e-type=\"column\">\n\t\t\t<div class=\"elementor-widget-wrap elementor-element-populated\">\n\t\t\t\t\t\t<div class=\"elementor-element elementor-element-c1e581c elementor-widget elementor-widget-rt-practice\" data-id=\"c1e581c\" data-element_type=\"widget\" data-e-type=\"widget\" data-widget_type=\"rt-practice.default\">\n\t\t\t\t<div class=\"elementor-widget-container\">\n\t\t\t\t\t\n\n<div class=\"row\">\n        <div class=\"col-xl-4 col-md-6 col-12 wow animated fadeInUp\" data-wow-delay=\"0.4s\">\n        <div class=\"practice-box-layout1\">\n            <div class=\"item-icon\">\n                <i class=\"flaticon-law-1\"><\/i>\n            <\/div>\n            <h3 class=\"item-title\"><a href=\"https:\/\/maitrecherkaoui.com\/ar\/practice\/droit-immobilier\/\">\u0627\u0644\u0642\u0627\u0646\u0648\u0646 \u0627\u0644\u0639\u0642\u0627\u0631\u064a<\/a><\/h3>\n                            <p>\u064a\u0634\u0645\u0644 \u0642\u0627\u0646\u0648\u0646 \u0627\u0644\u0639\u0642\u0627\u0631\u0627\u062a \u062c\u0645\u064a\u0639 \u0627\u0644\u0642\u0648\u0627\u0639\u062f \u0627\u0644\u0642\u0627\u0646\u0648\u0646\u064a\u0629 \u0627\u0644\u062a\u064a \u062a\u062d\u0643\u0645 \u0627\u0644\u0623\u0631\u0627\u0636\u064a\u060c \u0648\u0627\u0644\u0639\u0644\u0627\u0642\u0627\u062a \u0628\u064a\u0646 \u0627\u0644\u0645\u0644\u0627\u0643 \u0648\u0627\u0644\u0645\u0633\u062a\u0623\u062c\u0631\u064a\u0646 \u0648\u0627\u0644\u0645\u0637\u0648\u0631\u064a\u0646 \u0648...<\/p>                    <\/div>\n    <\/div>\n        <div class=\"col-xl-4 col-md-6 col-12 wow animated fadeInUp\" data-wow-delay=\"0.5s\">\n        <div class=\"practice-box-layout1\">\n            <div class=\"item-icon\">\n                <i class=\"flaticon-law-2\"><\/i>\n            <\/div>\n            <h3 class=\"item-title\"><a href=\"https:\/\/maitrecherkaoui.com\/ar\/practice\/droit-du-travail\/\">\u0642\u0627\u0646\u0648\u0646 \u0627\u0644\u0634\u063a\u0644<\/a><\/h3>\n                            <p>\ud83d\udcd8 \u0642\u0627\u0646\u0648\u0646 \u0627\u0644\u0639\u0645\u0644 \u2014 \u0627\u0644\u0645\u062d\u0627\u0645\u064a \u0634\u0631\u0642\u0627\u0648\u064a \ud83c\udfdb\ufe0f \u0645\u062d\u0627\u0645\u064d \u0641\u064a \u0646\u0642\u0627\u0628\u0629 \u0627\u0644\u0645\u062d\u0627\u0645\u064a\u0646 \u0628\u0645\u0631\u0627\u0643\u0634. \u064a\u0646\u0638\u0645 \u0642\u0627\u0646\u0648\u0646 \u0627\u0644\u0639\u0645\u0644 \u0627\u0644\u0639\u0644\u0627\u0642\u0627\u062a.<\/p>                    <\/div>\n    <\/div>\n        <div class=\"col-xl-4 col-md-6 col-12 wow animated fadeInUp\" data-wow-delay=\"0.6s\">\n        <div class=\"practice-box-layout1\">\n            <div class=\"item-icon\">\n                <i class=\"flaticon-arrest\"><\/i>\n            <\/div>\n            <h3 class=\"item-title\"><a href=\"https:\/\/maitrecherkaoui.com\/ar\/practice\/droit-des-societes\/\">\u0642\u0627\u0646\u0648\u0646 \u0627\u0644\u0634\u0631\u0643\u0627\u062a<\/a><\/h3>\n                            <p>\u064a\u0646\u0638\u0645 \u0642\u0627\u0646\u0648\u0646 \u0627\u0644\u0634\u0631\u0643\u0627\u062a \u0625\u0646\u0634\u0627\u0621 \u0627\u0644\u0634\u0631\u0643\u0627\u062a \u0648\u062a\u0646\u0638\u064a\u0645\u0647\u0627 \u0648\u0625\u062f\u0627\u0631\u062a\u0647\u0627 \u0627\u0644\u0642\u0627\u0646\u0648\u0646\u064a\u0629. \u0633\u0648\u0627\u0621 \u062a\u0639\u0644\u0642 \u0627\u0644\u0623\u0645\u0631 \u0628\u062a\u0623\u0633\u064a\u0633 \u0634\u0631\u0643\u0629\u060c<\/p>                    <\/div>\n    <\/div>\n        <div class=\"col-xl-4 col-md-6 col-12 wow animated fadeInUp\" data-wow-delay=\"0.4s\">\n        <div class=\"practice-box-layout1\">\n            <div class=\"item-icon\">\n                <i class=\"flaticon-career\"><\/i>\n            <\/div>\n            <h3 class=\"item-title\"><a href=\"https:\/\/maitrecherkaoui.com\/ar\/practice\/redaction-de-contrats\/\">\u0635\u064a\u0627\u063a\u0629 \u0627\u0644\u0639\u0642\u0648\u062f<\/a><\/h3>\n                            <p>\u0625\u0646 \u0635\u064a\u0627\u063a\u0629 \u0627\u0644\u0639\u0642\u062f \u0644\u0627 \u062a\u0642\u062a\u0635\u0631 \u0639\u0644\u0649 \u0645\u062c\u0631\u062f \u0625\u0636\u0641\u0627\u0621 \u0627\u0644\u0637\u0627\u0628\u0639 \u0627\u0644\u0631\u0633\u0645\u064a \u0639\u0644\u0649 \u0627\u0644\u0627\u062a\u0641\u0627\u0642\u060c \u0628\u0644 \u062a\u0633\u0627\u0639\u062f \u0623\u064a\u0636\u0627\u064b \u0641\u064a \u0645\u0646\u0639 \u0627\u0644\u0646\u0632\u0627\u0639\u0627\u062a \u0648\u0636\u0645\u0627\u0646 \u062a\u0646\u0641\u064a\u0630 \u0627\u0644\u0634\u0631\u0648\u0637.<\/p>                    <\/div>\n    <\/div>\n        <div class=\"col-xl-4 col-md-6 col-12 wow animated fadeInUp\" data-wow-delay=\"0.5s\">\n        <div class=\"practice-box-layout1\">\n            <div class=\"item-icon\">\n                <i class=\"flaticon-book-1\"><\/i>\n            <\/div>\n            <h3 class=\"item-title\"><a href=\"https:\/\/maitrecherkaoui.com\/ar\/practice\/droit-de-la-famille\/\">\u0642\u0627\u0646\u0648\u0646 \u0627\u0644\u0623\u0633\u0631\u0629<\/a><\/h3>\n                            <p>\u064a\u0646\u0638\u0645 \u0642\u0627\u0646\u0648\u0646 \u0627\u0644\u0623\u0633\u0631\u0629 \u0627\u0644\u0639\u0644\u0627\u0642\u0627\u062a \u0627\u0644\u0634\u062e\u0635\u064a\u0629 \u0648\u0627\u0644\u0645\u0627\u0644\u064a\u0629 \u062f\u0627\u062e\u0644 \u0627\u0644\u0623\u0633\u0631\u0629\u060c \u0628\u0645\u0627 \u0641\u064a \u0630\u0644\u0643 \u0627\u0644\u0637\u0644\u0627\u0642 \u0648\u062d\u0636\u0627\u0646\u0629 \u0627\u0644\u0623\u0637\u0641\u0627\u0644 \u0648\u0627\u0644\u0646\u0641\u0642\u0629.<\/p>                    <\/div>\n    <\/div>\n        <div class=\"col-xl-4 col-md-6 col-12 wow animated fadeInUp\" data-wow-delay=\"0.6s\">\n        <div class=\"practice-box-layout1\">\n            <div class=\"item-icon\">\n                <i class=\"flaticon-power\"><\/i>\n            <\/div>\n            <h3 class=\"item-title\"><a href=\"https:\/\/maitrecherkaoui.com\/ar\/practice\/droit-routier\/\">\u0627\u0644\u0642\u0627\u0646\u0648\u0646 \u0627\u0644\u0637\u0631\u0642\u064a<\/a><\/h3>\n                            <p>\u064a\u0646\u0638\u0645 \u0642\u0627\u0646\u0648\u0646 \u0627\u0644\u0645\u0631\u0648\u0631 \u0627\u0644\u0645\u062e\u0627\u0644\u0641\u0627\u062a \u0648\u0627\u0644\u0645\u0633\u0624\u0648\u0644\u064a\u0627\u062a \u0627\u0644\u0645\u062a\u0639\u0644\u0642\u0629 \u0628\u0627\u0644\u0645\u0631\u0648\u0631 \u0639\u0644\u0649 \u0627\u0644\u0637\u0631\u0642\u060c \u0645\u062b\u0644 \u0627\u0644\u0633\u0631\u0639\u0629 \u0627\u0644\u0632\u0627\u0626\u062f\u0629 \u0648\u0627\u0644\u0642\u064a\u0627\u062f\u0629 \u062a\u062d\u062a \u062a\u0623\u062b\u064a\u0631 \u0627\u0644\u0643\u062d\u0648\u0644 \u0623\u0648 \u0627\u0644\u0645\u062e\u062f\u0631\u0627\u062a.<\/p>                    <\/div>\n    <\/div>\n        <\/div>\n\n\n\t\t\t\t<\/div>\n\t\t\t\t<\/div>\n\t\t\t\t\t<\/div>\n\t\t<\/div>\n\t\t\t\t\t<\/div>\n\t\t<\/section>\n\t\t\t\t\t<\/div>\n\t\t<\/div>\n\t\t\t\t\t<\/div>\n\t\t<\/section>\n\t\t\t\t<section class=\"elementor-section elementor-top-section elementor-element elementor-element-25d852e elementor-section-full_width elementor-section-height-default elementor-section-height-default\" data-id=\"25d852e\" data-element_type=\"section\" data-e-type=\"section\" data-settings=\"{&quot;background_background&quot;:&quot;classic&quot;}\">\n\t\t\t\t\t\t<div class=\"elementor-container elementor-column-gap-no\">\n\t\t\t\t\t<div class=\"elementor-column elementor-col-100 elementor-top-column elementor-element elementor-element-26e16f9\" data-id=\"26e16f9\" data-element_type=\"column\" data-e-type=\"column\">\n\t\t\t<div class=\"elementor-widget-wrap elementor-element-populated\">\n\t\t\t\t\t\t<div class=\"elementor-element elementor-element-c3200d2 elementor-widget elementor-widget-rt-cta\" data-id=\"c3200d2\" data-element_type=\"widget\" data-e-type=\"widget\" data-widget_type=\"rt-cta.default\">\n\t\t\t\t<div class=\"elementor-widget-container\">\n\t\t\t\t\t\n<section class=\"call-to-action-wrap-layout3 parallaxie\">\n    <div class=\"call-to-action-box-layout3\">\n                <h2 class=\"item-title\"><span>\u0627\u062d\u0635\u0644 \u0639\u0644\u0649 \u0627\u0633\u062a\u0634\u0627\u0631\u0629<\/span><\/h2>\n                <h3 class=\"sub-title\">Call <span><a href=\"tel:0524330318\">Tel:0524330318<\/a><\/span><\/h3>\n                <ul class=\"list-info\">\n            <li>Contact@maitrecherkaoui.com<\/li>\n            <li>\u0645\u0646 \u0627\u0644\u0627\u062b\u0646\u064a\u0646 \u0625\u0644\u0649 \u0627\u0644\u062c\u0645\u0639\u0629\u060c \u0645\u0646 \u0627\u0644\u0633\u0627\u0639\u0629 9:00 \u0635\u0628\u0627\u062d\u0627\u064b \u0625\u0644\u0649 \u0627\u0644\u0633\u0627\u0639\u0629 6:00 \u0645\u0633\u0627\u0621\u064b<\/li>\n        <\/ul>\n            <\/div>\n<\/section>\t\t\t\t<\/div>\n\t\t\t\t<\/div>\n\t\t\t\t\t<\/div>\n\t\t<\/div>\n\t\t\t\t\t<\/div>\n\t\t<\/section>\n\t\t\t\t<\/div>","protected":false},"excerpt":{"rendered":"<p>Nos domaines d&rsquo;intervention Droit immobilier Le droit immobilier encadre l\u2019ensemble des r\u00e8gles juridiques qui r\u00e9gissent les biens fonciers, les relations entre propri\u00e9taires, locataires, promoteurs et. Droit du travail \ud83d\udcd8 Droit du travail \u2014 Ma\u00eetre Cherkaoui \ud83c\udfdb\ufe0f Avocat au barreau de Marrakech Le droit du travail r\u00e9git les relations. Droit des soci\u00e9t\u00e9s Le droit des soci\u00e9t\u00e9s&#8230;<\/p>","protected":false},"author":1,"featured_media":0,"parent":0,"menu_order":0,"comment_status":"closed","ping_status":"closed","template":"templates\/blank.php","meta":{"footnotes":""},"class_list":["post-3808","page","type-page","status-publish","hentry","aeen-post-thumb"],"_hostinger_reach_plugin_has_subscription_block":false,"_hostinger_reach_plugin_is_elementor":false,"_links":{"self":[{"href":"https:\/\/maitrecherkaoui.com\/ar\/wp-json\/wp\/v2\/pages\/3808","targetHints":{"allow":["GET"]}}],"collection":[{"href":"https:\/\/maitrecherkaoui.com\/ar\/wp-json\/wp\/v2\/pages"}],"about":[{"href":"https:\/\/maitrecherkaoui.com\/ar\/wp-json\/wp\/v2\/types\/page"}],"author":[{"embeddable":true,"href":"https:\/\/maitrecherkaoui.com\/ar\/wp-json\/wp\/v2\/users\/1"}],"replies":[{"embeddable":true,"href":"https:\/\/maitrecherkaoui.com\/ar\/wp-json\/wp\/v2\/comments?post=3808"}],"version-history":[{"count":9,"href":"https:\/\/maitrecherkaoui.com\/ar\/wp-json\/wp\/v2\/pages\/3808\/revisions"}],"predecessor-version":[{"id":9257,"href":"https:\/\/maitrecherkaoui.com\/ar\/wp-json\/wp\/v2\/pages\/3808\/revisions\/9257"}],"wp:attachment":[{"href":"https:\/\/maitrecherkaoui.com\/ar\/wp-json\/wp\/v2\/media?parent=3808"}],"curies":[{"name":"wp","href":"https:\/\/api.w.org\/{rel}","templated":true}]}}